{"id":7974,"date":"2017-02-09T14:09:06","date_gmt":"2017-02-09T14:09:06","guid":{"rendered":"http:\/\/star.colibridesign.ro\/cerere-oferta\/"},"modified":"2021-02-22T13:07:47","modified_gmt":"2021-02-22T11:07:47","slug":"ask-for-offer","status":"publish","type":"page","link":"https:\/\/star-romania.com\/en\/ask-for-offer\/","title":{"rendered":"Ask for offer form"},"content":{"rendered":"<p>[vc_row full_width=&#8221;stretch_row&#8221; css=&#8221;.vc_custom_1610444689316{margin-bottom: -60px !important;padding-bottom: 30px !important;}&#8221;][vc_column width=&#8221;1\/6&#8243;][\/vc_column][vc_column width=&#8221;2\/3&#8243;]\n                <div class='gf_browser_gecko gform_wrapper' id='gform_wrapper_1' ><form method='post' enctype='multipart\/form-data'  id='gform_1'  action='\/en\/wp-json\/wp\/v2\/pages\/7974'>\n                        <div class='gform_body'><ul id='gform_fields_1' class='gform_fields top_label form_sublabel_below description_below'><li id='field_1_1'  class='gfield gf_inline, gf_left_half gfield_contains_required field_sublabel_below field_description_below gfield_visibility_visible' ><label class='gfield_label gfield_label_before_complex'  >1.Nume \u0219i prenume<span class='gfield_required'>*<\/span><\/label><div class='ginput_complex ginput_container no_prefix has_first_name no_middle_name no_last_name no_suffix gf_name_has_1 ginput_container_name' id='input_1_1'>\n                            \n                            <span id='input_1_1_3_container' class='name_first' >\n                                                    <input type='text' name='input_1.3' id='input_1_1_3' value='' aria-label='First name'   aria-required=\"true\" aria-invalid=\"false\" \/>\n                                                    <label for='input_1_1_3' >\u200e<\/label>\n                                                <\/span>\n                            \n                            \n                            \n                        <\/div><\/li><li id='field_1_2'  class='gfield gf_right_half field_sublabel_below field_description_below gfield_visibility_visible' ><label class='gfield_label' for='input_1_2' >2.Companie<\/label><div class='ginput_container ginput_container_text'><input name='input_2' id='input_1_2' type='text' value='' class='medium'      aria-invalid=\"false\" \/><\/div><\/li><li id='field_1_4'  class='gfield gf_left_half gfield_contains_required field_sublabel_below field_description_below gfield_visibility_visible' ><label class='gfield_label' for='input_1_4' >3.Telefon<span class='gfield_required'>*<\/span><\/label><div class='ginput_container ginput_container_phone'><input name='input_4' id='input_1_4' type='text' value='' class='medium'   aria-required=\"true\" aria-invalid=\"false\"  \/><\/div><\/li><li id='field_1_5'  class='gfield gf_right_half gfield_contains_required field_sublabel_below field_description_below gfield_visibility_visible' ><label class='gfield_label' for='input_1_5' >4.E-mail<span class='gfield_required'>*<\/span><\/label><div class='ginput_container ginput_container_email'>\n                            <input name='input_5' id='input_1_5' type='text' value='' class='medium'    aria-required=\"true\" aria-invalid=\"false\" \/>\n                        <\/div><\/li><li id='field_1_27'  class='gfield gf_left_half field_sublabel_below field_description_below gfield_visibility_visible' ><label class='gfield_label' for='input_1_27' >5.Solicitare traducere din<\/label><div class='ginput_container ginput_container_select'><select name='input_27' id='input_1_27' class='medium gfield_select'    aria-invalid=\"false\"><option value='Englez\u0103' >Englez\u0103<\/option><option value='Francez\u0103' >Francez\u0103<\/option><option value='German\u0103' >German\u0103<\/option><option value='Italian\u0103' >Italian\u0103<\/option><option value='Rom\u00e2n\u0103' >Rom\u00e2n\u0103<\/option><option value='Rus\u0103' >Rus\u0103<\/option><option value='Spaniol\u0103' >Spaniol\u0103<\/option><\/select><\/div><\/li><li id='field_1_28'  class='gfield gf_right_half field_sublabel_below field_description_below gfield_visibility_visible' ><label class='gfield_label' for='input_1_28' >\u00een<\/label><div class='ginput_container ginput_container_select'><select name='input_28' id='input_1_28' class='medium gfield_select'    aria-invalid=\"false\"><option value='Englez\u0103' >Englez\u0103<\/option><option value='Francez\u0103' >Francez\u0103<\/option><option value='German\u0103' >German\u0103<\/option><option value='Italian\u0103' >Italian\u0103<\/option><option value='Rom\u00e2n\u0103' >Rom\u00e2n\u0103<\/option><option value='Rus\u0103' >Rus\u0103<\/option><option value='Spaniol\u0103' >Spaniol\u0103<\/option><\/select><\/div><\/li><li id='field_1_13'  class='gfield gf_list_2col field_sublabel_below field_description_below gfield_visibility_visible' ><label class='gfield_label'  >6.De ce servicii sunte\u021bi interesat?<\/label><div class='ginput_container ginput_container_checkbox'><ul class='gfield_checkbox' id='input_1_13'><li class='gchoice_1_13_1'>\n\t\t\t\t\t\t\t\t<input name='input_13.1' type='checkbox'  value='Traducere specializat\u0103'  id='choice_1_13_1'   \/>\n\t\t\t\t\t\t\t\t<label for='choice_1_13_1' id='label_1_13_1'>Traducere specializat\u0103<\/label>\n\t\t\t\t\t\t\t<\/li><li class='gchoice_1_13_2'>\n\t\t\t\t\t\t\t\t<input name='input_13.2' type='checkbox'  value='Revizie \u0219i Corectur\u0103'  id='choice_1_13_2'   \/>\n\t\t\t\t\t\t\t\t<label for='choice_1_13_2' id='label_1_13_2'>Revizie \u0219i Corectur\u0103<\/label>\n\t\t\t\t\t\t\t<\/li><li class='gchoice_1_13_3'>\n\t\t\t\t\t\t\t\t<input name='input_13.3' type='checkbox'  value='Localizare Software'  id='choice_1_13_3'   \/>\n\t\t\t\t\t\t\t\t<label for='choice_1_13_3' id='label_1_13_3'>Localizare Software<\/label>\n\t\t\t\t\t\t\t<\/li><li class='gchoice_1_13_4'>\n\t\t\t\t\t\t\t\t<input name='input_13.4' type='checkbox'  value='Desktop publishing (DTP)'  id='choice_1_13_4'   \/>\n\t\t\t\t\t\t\t\t<label for='choice_1_13_4' id='label_1_13_4'>Desktop publishing (DTP)<\/label>\n\t\t\t\t\t\t\t<\/li><li class='gchoice_1_13_5'>\n\t\t\t\t\t\t\t\t<input name='input_13.5' type='checkbox'  value='Printing Digital'  id='choice_1_13_5'   \/>\n\t\t\t\t\t\t\t\t<label for='choice_1_13_5' id='label_1_13_5'>Printing Digital<\/label>\n\t\t\t\t\t\t\t<\/li><li class='gchoice_1_13_6'>\n\t\t\t\t\t\t\t\t<input name='input_13.6' type='checkbox'  value='Project Management'  id='choice_1_13_6'   \/>\n\t\t\t\t\t\t\t\t<label for='choice_1_13_6' id='label_1_13_6'>Project Management<\/label>\n\t\t\t\t\t\t\t<\/li><\/ul><\/div><\/li><li id='field_1_14'  class='gfield gf_list_2col field_sublabel_below field_description_below gfield_visibility_visible' ><label class='gfield_label'  >7.Care este specificul documenta\u021biei?<\/label><div class='ginput_container ginput_container_checkbox'><ul class='gfield_checkbox' id='input_1_14'><li class='gchoice_1_14_1'>\n\t\t\t\t\t\t\t\t<input name='input_14.1' type='checkbox'  value='Economic'  id='choice_1_14_1'   \/>\n\t\t\t\t\t\t\t\t<label for='choice_1_14_1' id='label_1_14_1'>Economic<\/label>\n\t\t\t\t\t\t\t<\/li><li class='gchoice_1_14_2'>\n\t\t\t\t\t\t\t\t<input name='input_14.2' type='checkbox'  value='Juridic'  id='choice_1_14_2'   \/>\n\t\t\t\t\t\t\t\t<label for='choice_1_14_2' id='label_1_14_2'>Juridic<\/label>\n\t\t\t\t\t\t\t<\/li><li class='gchoice_1_14_3'>\n\t\t\t\t\t\t\t\t<input name='input_14.3' type='checkbox'  value='Tehnic'  id='choice_1_14_3'   \/>\n\t\t\t\t\t\t\t\t<label for='choice_1_14_3' id='label_1_14_3'>Tehnic<\/label>\n\t\t\t\t\t\t\t<\/li><li class='gchoice_1_14_4'>\n\t\t\t\t\t\t\t\t<input name='input_14.4' type='checkbox'  value='Medical'  id='choice_1_14_4'   \/>\n\t\t\t\t\t\t\t\t<label for='choice_1_14_4' id='label_1_14_4'>Medical<\/label>\n\t\t\t\t\t\t\t<\/li><li class='gchoice_1_14_5'>\n\t\t\t\t\t\t\t\t<input name='input_14.5' type='checkbox'  value='Printing Digital'  id='choice_1_14_5'   \/>\n\t\t\t\t\t\t\t\t<label for='choice_1_14_5' id='label_1_14_5'>Printing Digital<\/label>\n\t\t\t\t\t\t\t<\/li><li class='gchoice_1_14_6'>\n\t\t\t\t\t\t\t\t<input name='input_14.6' type='checkbox'  value='Software\/IT'  id='choice_1_14_6'   \/>\n\t\t\t\t\t\t\t\t<label for='choice_1_14_6' id='label_1_14_6'>Software\/IT<\/label>\n\t\t\t\t\t\t\t<\/li><li class='gchoice_1_14_7'>\n\t\t\t\t\t\t\t\t<input name='input_14.7' type='checkbox'  value='Diverse'  id='choice_1_14_7'   \/>\n\t\t\t\t\t\t\t\t<label for='choice_1_14_7' id='label_1_14_7'>Diverse<\/label>\n\t\t\t\t\t\t\t<\/li><\/ul><\/div><\/li><li id='field_1_16'  class='gfield field_sublabel_below field_description_below gfield_visibility_visible' ><label class='gfield_label' for='input_1_16' >8.Care este num\u0103rul estimativ de cuvinte de tradus?<\/label><div class='ginput_container ginput_container_number'><input name='input_16' id='input_1_16' type='text'    value='' class='medium'      aria-invalid=\"false\" \/><\/div><\/li><li id='field_1_22'  class='gfield field_sublabel_below field_description_below gfield_visibility_visible' ><label class='gfield_label'  >9. V\u0103 rug\u0103m ata\u0219a\u021bi o mostr\u0103 de text.<\/label><div class='ginput_container ginput_container_fileupload'><div id='gform_multifile_upload_1_22' data-settings='{&quot;runtimes&quot;:&quot;html5,flash,html4&quot;,&quot;browse_button&quot;:&quot;gform_browse_button_1_22&quot;,&quot;container&quot;:&quot;gform_multifile_upload_1_22&quot;,&quot;drop_element&quot;:&quot;gform_drag_drop_area_1_22&quot;,&quot;filelist&quot;:&quot;gform_preview_1_22&quot;,&quot;unique_names&quot;:true,&quot;file_data_name&quot;:&quot;file&quot;,&quot;url&quot;:&quot;https:\\\/\\\/star-romania.com\\\/?gf_page=e874ce3aa5b8fac&quot;,&quot;flash_swf_url&quot;:&quot;https:\\\/\\\/star-romania.com\\\/wp-includes\\\/js\\\/plupload\\\/plupload.flash.swf&quot;,&quot;silverlight_xap_url&quot;:&quot;https:\\\/\\\/star-romania.com\\\/wp-includes\\\/js\\\/plupload\\\/plupload.silverlight.xap&quot;,&quot;filters&quot;:{&quot;mime_types&quot;:[{&quot;title&quot;:&quot;Allowed Files&quot;,&quot;extensions&quot;:&quot;*&quot;}],&quot;max_file_size&quot;:&quot;104857600b&quot;},&quot;multipart&quot;:true,&quot;urlstream_upload&quot;:false,&quot;multipart_params&quot;:{&quot;form_id&quot;:1,&quot;field_id&quot;:22},&quot;gf_vars&quot;:{&quot;max_files&quot;:0,&quot;message_id&quot;:&quot;gform_multifile_messages_1_22&quot;,&quot;disallowed_extensions&quot;:[&quot;php&quot;,&quot;asp&quot;,&quot;aspx&quot;,&quot;cmd&quot;,&quot;csh&quot;,&quot;bat&quot;,&quot;html&quot;,&quot;htm&quot;,&quot;hta&quot;,&quot;jar&quot;,&quot;exe&quot;,&quot;com&quot;,&quot;js&quot;,&quot;lnk&quot;,&quot;htaccess&quot;,&quot;phtml&quot;,&quot;ps1&quot;,&quot;ps2&quot;,&quot;php3&quot;,&quot;php4&quot;,&quot;php5&quot;,&quot;php6&quot;,&quot;py&quot;,&quot;rb&quot;,&quot;tmp&quot;]}}' class='gform_fileupload_multifile'>\n\t\t\t\t\t\t\t\t\t\t<div id='gform_drag_drop_area_1_22' class='gform_drop_area'>\n\t\t\t\t\t\t\t\t\t\t\t<span class='gform_drop_instructions'>Drop files here or <\/span>\n\t\t\t\t\t\t\t\t\t\t\t<input id='gform_browse_button_1_22' type='button' value='Select files' class='button gform_button_select_files' aria-describedby='extensions_message_1_22'  \/>\n\t\t\t\t\t\t\t\t\t\t<\/div>\n\t\t\t\t\t\t\t\t\t<\/div><span id='extensions_message_1_22' class='screen-reader-text'><\/span><div class='validation_message'>\n\t\t\t\t\t\t\t\t<ul id='gform_multifile_messages_1_22'>\n\t\t\t\t\t\t\t\t<\/ul>\n\t\t\t\t\t\t\t<\/div><\/div><div id='gform_preview_1_22'><\/div><\/li><li id='field_1_20'  class='gfield gf_list_2col field_sublabel_below field_description_below gfield_visibility_visible' ><label class='gfield_label'  >10. Sunte\u021bi interesat \u0219i de unul din produsele noastre?<\/label><div class='ginput_container ginput_container_checkbox'><ul class='gfield_checkbox' id='input_1_20'><li class='gchoice_1_20_1'>\n\t\t\t\t\t\t\t\t<input name='input_20.1' type='checkbox'  value='Transit'  id='choice_1_20_1'   \/>\n\t\t\t\t\t\t\t\t<label for='choice_1_20_1' id='label_1_20_1'>Transit<\/label>\n\t\t\t\t\t\t\t<\/li><li class='gchoice_1_20_2'>\n\t\t\t\t\t\t\t\t<input name='input_20.2' type='checkbox'  value='TermStar'  id='choice_1_20_2'   \/>\n\t\t\t\t\t\t\t\t<label for='choice_1_20_2' id='label_1_20_2'>TermStar<\/label>\n\t\t\t\t\t\t\t<\/li><li class='gchoice_1_20_3'>\n\t\t\t\t\t\t\t\t<input name='input_20.3' type='checkbox'  value='WebTerm'  id='choice_1_20_3'   \/>\n\t\t\t\t\t\t\t\t<label for='choice_1_20_3' id='label_1_20_3'>WebTerm<\/label>\n\t\t\t\t\t\t\t<\/li><li class='gchoice_1_20_4'>\n\t\t\t\t\t\t\t\t<input name='input_20.4' type='checkbox'  value='StarJames'  id='choice_1_20_4'   \/>\n\t\t\t\t\t\t\t\t<label for='choice_1_20_4' id='label_1_20_4'>StarJames<\/label>\n\t\t\t\t\t\t\t<\/li><li class='gchoice_1_20_5'>\n\t\t\t\t\t\t\t\t<input name='input_20.5' type='checkbox'  value='Grips'  id='choice_1_20_5'   \/>\n\t\t\t\t\t\t\t\t<label for='choice_1_20_5' id='label_1_20_5'>Grips<\/label>\n\t\t\t\t\t\t\t<\/li><li class='gchoice_1_20_6'>\n\t\t\t\t\t\t\t\t<input name='input_20.6' type='checkbox'  value='Spider'  id='choice_1_20_6'   \/>\n\t\t\t\t\t\t\t\t<label for='choice_1_20_6' id='label_1_20_6'>Spider<\/label>\n\t\t\t\t\t\t\t<\/li><li class='gchoice_1_20_7'>\n\t\t\t\t\t\t\t\t<input name='input_20.7' type='checkbox'  value='Format Checker'  id='choice_1_20_7'   \/>\n\t\t\t\t\t\t\t\t<label for='choice_1_20_7' id='label_1_20_7'>Format Checker<\/label>\n\t\t\t\t\t\t\t<\/li><\/ul><\/div><\/li><li id='field_1_21'  class='gfield field_sublabel_below field_description_below gfield_visibility_visible' ><label class='gfield_label' for='input_1_21' >11.Alte informa\u021bii despre proiect<\/label><div class='ginput_container ginput_container_textarea'><textarea name='input_21' id='input_1_21' class='textarea medium'      aria-invalid=\"false\"   rows='10' cols='50'><\/textarea><\/div><\/li>\n                            <\/ul><\/div>\n        <div class='gform_footer top_label'> <input type='submit' id='gform_submit_button_1' class='gform_button button' value='TRIMITE\u021aI'  onclick='if(window[\"gf_submitting_1\"]){return false;}  window[\"gf_submitting_1\"]=true;  ' onkeypress='if( event.keyCode == 13 ){ if(window[\"gf_submitting_1\"]){return false;} window[\"gf_submitting_1\"]=true;  jQuery(\"#gform_1\").trigger(\"submit\",[true]); }' \/> \n            <input type='hidden' class='gform_hidden' name='is_submit_1' value='1' \/>\n            <input type='hidden' class='gform_hidden' name='gform_submit' value='1' \/>\n            \n            <input type='hidden' class='gform_hidden' name='gform_unique_id' value='' \/>\n            <input type='hidden' class='gform_hidden' name='state_1' value='WyJbXSIsIjNjNDdhMjRiZDg3NTY4ZGUxY2M5Yjg1ZGE3MGQ4NjUzIl0=' \/>\n            <input type='hidden' class='gform_hidden' name='gform_target_page_number_1' id='gform_target_page_number_1' value='0' \/>\n            <input type='hidden' class='gform_hidden' name='gform_source_page_number_1' id='gform_source_page_number_1' value='1' \/>\n            <input type='hidden' name='gform_field_values' value='' \/>\n            <input type='hidden' name='gform_uploaded_files' id='gform_uploaded_files_1' value='' \/>\n        <\/div>\n                        <\/form>\n                        <\/div><script type='text\/javascript'> jQuery(document).bind('gform_post_render', function(event, formId, currentPage){if(formId == 1) {jQuery('#input_1_4').mask('(999) 999-9999').bind('keypress', function(e){if(e.which == 13){jQuery(this).blur();} } );} } );jQuery(document).bind('gform_post_conditional_logic', function(event, formId, fields, isInit){} );<\/script><script type='text\/javascript'> jQuery(document).ready(function(){jQuery(document).trigger('gform_post_render', [1, 1]) } ); <\/script>[\/vc_column][vc_column width=&#8221;1\/6&#8243;][\/vc_column][\/vc_row]<\/p>\n","protected":false},"excerpt":{"rendered":"<p>[vc_row full_width=&#8221;stretch_row&#8221; css=&#8221;.vc_custom_1610444689316{margin-bottom: -60px !important;padding-bottom: 30px !important;}&#8221;][vc_column width=&#8221;1\/6&#8243;][\/vc_column][vc_column width=&#8221;2\/3&#8243;][\/vc_column][vc_column width=&#8221;1\/6&#8243;][\/vc_column][\/vc_row]<\/p>\n","protected":false},"author":1,"featured_media":0,"parent":0,"menu_order":0,"comment_status":"closed","ping_status":"closed","template":"","meta":{"_monsterinsights_skip_tracking":false,"_monsterinsights_sitenote_active":false,"_monsterinsights_sitenote_note":"","_monsterinsights_sitenote_category":0,"footnotes":""},"class_list":["post-7974","page","type-page","status-publish","hentry"],"yoast_head":"<!-- This site is optimized with the Yoast SEO plugin v27.4 - https:\/\/yoast.com\/product\/yoast-seo-wordpress\/ -->\n<title>Ask for offer form - Star Romania - Traduceri Specializate<\/title>\n<meta name=\"robots\" content=\"index, follow, max-snippet:-1, max-image-preview:large, max-video-preview:-1\" \/>\n<link rel=\"canonical\" href=\"https:\/\/star-romania.com\/en\/ask-for-offer\/\" \/>\n<meta property=\"og:locale\" content=\"en_US\" \/>\n<meta property=\"og:type\" content=\"article\" \/>\n<meta property=\"og:title\" content=\"Ask for offer form - Star Romania - Traduceri Specializate\" \/>\n<meta property=\"og:description\" content=\"[vc_row full_width=&#8221;stretch_row&#8221; css=&#8221;.vc_custom_1610444689316{margin-bottom: -60px !important;padding-bottom: 30px !important;}&#8221;][vc_column width=&#8221;1\/6&#8243;][\/vc_column][vc_column width=&#8221;2\/3&#8243;][\/vc_column][vc_column width=&#8221;1\/6&#8243;][\/vc_column][\/vc_row]\" \/>\n<meta property=\"og:url\" content=\"https:\/\/star-romania.com\/en\/ask-for-offer\/\" \/>\n<meta property=\"og:site_name\" content=\"Star Romania - Traduceri Specializate\" \/>\n<meta property=\"article:modified_time\" content=\"2021-02-22T11:07:47+00:00\" \/>\n<meta name=\"twitter:card\" content=\"summary_large_image\" \/>\n<script type=\"application\/ld+json\" class=\"yoast-schema-graph\">{\"@context\":\"https:\\\/\\\/schema.org\",\"@graph\":[{\"@type\":\"WebPage\",\"@id\":\"https:\\\/\\\/star-romania.com\\\/en\\\/ask-for-offer\\\/\",\"url\":\"https:\\\/\\\/star-romania.com\\\/en\\\/ask-for-offer\\\/\",\"name\":\"Ask for offer form - Star Romania - Traduceri Specializate\",\"isPartOf\":{\"@id\":\"https:\\\/\\\/star-romania.com\\\/#website\"},\"datePublished\":\"2017-02-09T14:09:06+00:00\",\"dateModified\":\"2021-02-22T11:07:47+00:00\",\"breadcrumb\":{\"@id\":\"https:\\\/\\\/star-romania.com\\\/en\\\/ask-for-offer\\\/#breadcrumb\"},\"inLanguage\":\"en-US\",\"potentialAction\":[{\"@type\":\"ReadAction\",\"target\":[\"https:\\\/\\\/star-romania.com\\\/en\\\/ask-for-offer\\\/\"]}]},{\"@type\":\"BreadcrumbList\",\"@id\":\"https:\\\/\\\/star-romania.com\\\/en\\\/ask-for-offer\\\/#breadcrumb\",\"itemListElement\":[{\"@type\":\"ListItem\",\"position\":1,\"name\":\"Prima pagin\u0103\",\"item\":\"https:\\\/\\\/star-romania.com\\\/en\\\/\"},{\"@type\":\"ListItem\",\"position\":2,\"name\":\"Ask for offer form\"}]},{\"@type\":\"WebSite\",\"@id\":\"https:\\\/\\\/star-romania.com\\\/#website\",\"url\":\"https:\\\/\\\/star-romania.com\\\/\",\"name\":\"Star Romania - Traduceri Specializate\",\"description\":\"\",\"publisher\":{\"@id\":\"https:\\\/\\\/star-romania.com\\\/#organization\"},\"potentialAction\":[{\"@type\":\"SearchAction\",\"target\":{\"@type\":\"EntryPoint\",\"urlTemplate\":\"https:\\\/\\\/star-romania.com\\\/?s={search_term_string}\"},\"query-input\":{\"@type\":\"PropertyValueSpecification\",\"valueRequired\":true,\"valueName\":\"search_term_string\"}}],\"inLanguage\":\"en-US\"},{\"@type\":\"Organization\",\"@id\":\"https:\\\/\\\/star-romania.com\\\/#organization\",\"name\":\"STAR Romania\",\"url\":\"https:\\\/\\\/star-romania.com\\\/\",\"logo\":{\"@type\":\"ImageObject\",\"inLanguage\":\"en-US\",\"@id\":\"https:\\\/\\\/star-romania.com\\\/#\\\/schema\\\/logo\\\/image\\\/\",\"url\":\"https:\\\/\\\/star-romania.com\\\/wp-content\\\/uploads\\\/2019\\\/09\\\/star-logo-main.svg\",\"contentUrl\":\"https:\\\/\\\/star-romania.com\\\/wp-content\\\/uploads\\\/2019\\\/09\\\/star-logo-main.svg\",\"width\":1,\"height\":1,\"caption\":\"STAR Romania\"},\"image\":{\"@id\":\"https:\\\/\\\/star-romania.com\\\/#\\\/schema\\\/logo\\\/image\\\/\"}}]}<\/script>\n<!-- \/ Yoast SEO plugin. -->","yoast_head_json":{"title":"Ask for offer form - Star Romania - Traduceri Specializate","robots":{"index":"index","follow":"follow","max-snippet":"max-snippet:-1","max-image-preview":"max-image-preview:large","max-video-preview":"max-video-preview:-1"},"canonical":"https:\/\/star-romania.com\/en\/ask-for-offer\/","og_locale":"en_US","og_type":"article","og_title":"Ask for offer form - Star Romania - Traduceri Specializate","og_description":"[vc_row full_width=&#8221;stretch_row&#8221; css=&#8221;.vc_custom_1610444689316{margin-bottom: -60px !important;padding-bottom: 30px !important;}&#8221;][vc_column width=&#8221;1\/6&#8243;][\/vc_column][vc_column width=&#8221;2\/3&#8243;][\/vc_column][vc_column width=&#8221;1\/6&#8243;][\/vc_column][\/vc_row]","og_url":"https:\/\/star-romania.com\/en\/ask-for-offer\/","og_site_name":"Star Romania - Traduceri Specializate","article_modified_time":"2021-02-22T11:07:47+00:00","twitter_card":"summary_large_image","schema":{"@context":"https:\/\/schema.org","@graph":[{"@type":"WebPage","@id":"https:\/\/star-romania.com\/en\/ask-for-offer\/","url":"https:\/\/star-romania.com\/en\/ask-for-offer\/","name":"Ask for offer form - Star Romania - Traduceri Specializate","isPartOf":{"@id":"https:\/\/star-romania.com\/#website"},"datePublished":"2017-02-09T14:09:06+00:00","dateModified":"2021-02-22T11:07:47+00:00","breadcrumb":{"@id":"https:\/\/star-romania.com\/en\/ask-for-offer\/#breadcrumb"},"inLanguage":"en-US","potentialAction":[{"@type":"ReadAction","target":["https:\/\/star-romania.com\/en\/ask-for-offer\/"]}]},{"@type":"BreadcrumbList","@id":"https:\/\/star-romania.com\/en\/ask-for-offer\/#breadcrumb","itemListElement":[{"@type":"ListItem","position":1,"name":"Prima pagin\u0103","item":"https:\/\/star-romania.com\/en\/"},{"@type":"ListItem","position":2,"name":"Ask for offer form"}]},{"@type":"WebSite","@id":"https:\/\/star-romania.com\/#website","url":"https:\/\/star-romania.com\/","name":"Star Romania - Traduceri Specializate","description":"","publisher":{"@id":"https:\/\/star-romania.com\/#organization"},"potentialAction":[{"@type":"SearchAction","target":{"@type":"EntryPoint","urlTemplate":"https:\/\/star-romania.com\/?s={search_term_string}"},"query-input":{"@type":"PropertyValueSpecification","valueRequired":true,"valueName":"search_term_string"}}],"inLanguage":"en-US"},{"@type":"Organization","@id":"https:\/\/star-romania.com\/#organization","name":"STAR Romania","url":"https:\/\/star-romania.com\/","logo":{"@type":"ImageObject","inLanguage":"en-US","@id":"https:\/\/star-romania.com\/#\/schema\/logo\/image\/","url":"https:\/\/star-romania.com\/wp-content\/uploads\/2019\/09\/star-logo-main.svg","contentUrl":"https:\/\/star-romania.com\/wp-content\/uploads\/2019\/09\/star-logo-main.svg","width":1,"height":1,"caption":"STAR Romania"},"image":{"@id":"https:\/\/star-romania.com\/#\/schema\/logo\/image\/"}}]}},"_links":{"self":[{"href":"https:\/\/star-romania.com\/en\/wp-json\/wp\/v2\/pages\/7974","targetHints":{"allow":["GET"]}}],"collection":[{"href":"https:\/\/star-romania.com\/en\/wp-json\/wp\/v2\/pages"}],"about":[{"href":"https:\/\/star-romania.com\/en\/wp-json\/wp\/v2\/types\/page"}],"author":[{"embeddable":true,"href":"https:\/\/star-romania.com\/en\/wp-json\/wp\/v2\/users\/1"}],"replies":[{"embeddable":true,"href":"https:\/\/star-romania.com\/en\/wp-json\/wp\/v2\/comments?post=7974"}],"version-history":[{"count":1,"href":"https:\/\/star-romania.com\/en\/wp-json\/wp\/v2\/pages\/7974\/revisions"}],"predecessor-version":[{"id":7975,"href":"https:\/\/star-romania.com\/en\/wp-json\/wp\/v2\/pages\/7974\/revisions\/7975"}],"wp:attachment":[{"href":"https:\/\/star-romania.com\/en\/wp-json\/wp\/v2\/media?parent=7974"}],"curies":[{"name":"wp","href":"https:\/\/api.w.org\/{rel}","templated":true}]}}